{"id":10756,"date":"2019-04-16T13:39:49","date_gmt":"2019-04-16T12:39:49","guid":{"rendered":"http:\/\/www.photo.lumn.eu\/wordpress\/?page_id=10756"},"modified":"2019-08-12T09:43:38","modified_gmt":"2019-08-12T08:43:38","slug":"2019-au-jour-le-jour","status":"publish","type":"page","link":"http:\/\/www.photo.lumn.eu\/wordpress\/2019-au-jour-le-jour\/","title":{"rendered":"2019 Au jour le jour"},"content":{"rendered":"<div data-carousel-extra='{\"blog_id\":1,\"permalink\":\"http:\\\/\\\/www.photo.lumn.eu\\\/wordpress\\\/2019-au-jour-le-jour\\\/\",\"likes_blog_id\":false}' id='gallery-1' class='gallery galleryid-10756 gallery-columns-1 gallery-size-full'><figure class='gallery-item'>\n\t\t\t<div class='gallery-icon landscape'>\n\t\t\t\t<a href='http:\/\/www.photo.lumn.eu\/wordpress\/2019-au-jour-le-jour\/dsc09965_p\/'><img loading=\"lazy\" decoding=\"async\" width=\"1920\" height=\"1080\" src=\"http:\/\/www.photo.lumn.eu\/wordpress\/wp-content\/uploads\/2019\/04\/DSC09965_p.jpg\" class=\"attachment-full size-full\" alt=\"\" aria-describedby=\"gallery-1-10817\" srcset=\"http:\/\/www.photo.lumn.eu\/wordpress\/wp-content\/uploads\/2019\/04\/DSC09965_p.jpg 1920w, http:\/\/www.photo.lumn.eu\/wordpress\/wp-content\/uploads\/2019\/04\/DSC09965_p-300x169.jpg 300w, http:\/\/www.photo.lumn.eu\/wordpress\/wp-content\/uploads\/2019\/04\/DSC09965_p-1024x576.jpg 1024w\" sizes=\"auto, (max-width: 1920px) 100vw, 1920px\" data-attachment-id=\"10817\" data-orig-file=\"http:\/\/www.photo.lumn.eu\/wordpress\/wp-content\/uploads\/2019\/04\/DSC09965_p.jpg\" data-orig-size=\"1920,1080\" data-comments-opened=\"1\" data-image-meta=\"{&quot;aperture&quot;:&quot;9&quot;,&quot;credit&quot;:&quot;&quot;,&quot;camera&quot;:&quot;ILCE-6000&quot;,&quot;caption&quot;:&quot;&quot;,&quot;created_timestamp&quot;:&quot;1564154195&quot;,&quot;copyright&quot;:&quot;&quot;,&quot;focal_length&quot;:&quot;34&quot;,&quot;iso&quot;:&quot;100&quot;,&quot;shutter_speed&quot;:&quot;0.004&quot;,&quot;title&quot;:&quot;&quot;,&quot;orientation&quot;:&quot;0&quot;,&quot;keywords&quot;:&quot;Array&quot;}\" data-image-title=\"Paisible\" data-image-description=\"&lt;p&gt;Le prieur\u00e9 de Saint-Michel de Beaumont, pr\u00e8s de Lod\u00e8ve, H\u00e9rault. Un site merveilleux, hors du temps.&lt;\/p&gt;\n\" data-medium-file=\"http:\/\/www.photo.lumn.eu\/wordpress\/wp-content\/uploads\/2019\/04\/DSC09965_p-300x169.jpg\" data-large-file=\"http:\/\/www.photo.lumn.eu\/wordpress\/wp-content\/uploads\/2019\/04\/DSC09965_p-1024x576.jpg\" \/><\/a>\n\t\t\t<\/div>\n\t\t\t\t<figcaption class='wp-caption-text gallery-caption' id='gallery-1-10817'>\n\t\t\t\t12 Ao\u00fbt 2019\n\t\t\t\t<\/figcaption><\/figure><figure class='gallery-item'>\n\t\t\t<div class='gallery-icon landscape'>\n\t\t\t\t<a href='http:\/\/www.photo.lumn.eu\/wordpress\/2019\/08\/12\/helicoptere\/dsc09978_3\/'><img loading=\"lazy\" decoding=\"async\" width=\"1917\" height=\"1280\" src=\"http:\/\/www.photo.lumn.eu\/wordpress\/wp-content\/uploads\/2019\/08\/DSC09978_3.jpg\" class=\"attachment-full size-full\" alt=\"\" srcset=\"http:\/\/www.photo.lumn.eu\/wordpress\/wp-content\/uploads\/2019\/08\/DSC09978_3.jpg 1917w, http:\/\/www.photo.lumn.eu\/wordpress\/wp-content\/uploads\/2019\/08\/DSC09978_3-300x200.jpg 300w, http:\/\/www.photo.lumn.eu\/wordpress\/wp-content\/uploads\/2019\/08\/DSC09978_3-1024x684.jpg 1024w\" sizes=\"auto, (max-width: 1917px) 100vw, 1917px\" data-attachment-id=\"10815\" data-orig-file=\"http:\/\/www.photo.lumn.eu\/wordpress\/wp-content\/uploads\/2019\/08\/DSC09978_3.jpg\" data-orig-size=\"1917,1280\" data-comments-opened=\"1\" data-image-meta=\"{&quot;aperture&quot;:&quot;9&quot;,&quot;credit&quot;:&quot;&quot;,&quot;camera&quot;:&quot;ILCE-6000&quot;,&quot;caption&quot;:&quot;&quot;,&quot;created_timestamp&quot;:&quot;1564154333&quot;,&quot;copyright&quot;:&quot;&quot;,&quot;focal_length&quot;:&quot;50&quot;,&quot;iso&quot;:&quot;100&quot;,&quot;shutter_speed&quot;:&quot;0.05&quot;,&quot;title&quot;:&quot;&quot;,&quot;orientation&quot;:&quot;1&quot;,&quot;keywords&quot;:&quot;Array&quot;}\" data-image-title=\"H\u00e9licopt\u00e8re!\" data-image-description=\"\" data-medium-file=\"http:\/\/www.photo.lumn.eu\/wordpress\/wp-content\/uploads\/2019\/08\/DSC09978_3-300x200.jpg\" data-large-file=\"http:\/\/www.photo.lumn.eu\/wordpress\/wp-content\/uploads\/2019\/08\/DSC09978_3-1024x684.jpg\" \/><\/a>\n\t\t\t<\/div><\/figure><figure class='gallery-item'>\n\t\t\t<div class='gallery-icon landscape'>\n\t\t\t\t<a href='http:\/\/www.photo.lumn.eu\/wordpress\/2019\/07\/15\/el-teide-2\/dsc00518p\/'><img loading=\"lazy\" decoding=\"async\" width=\"1920\" height=\"1080\" src=\"http:\/\/www.photo.lumn.eu\/wordpress\/wp-content\/uploads\/2019\/07\/DSC00518p.jpg\" class=\"attachment-full size-full\" alt=\"\" aria-describedby=\"gallery-1-10810\" srcset=\"http:\/\/www.photo.lumn.eu\/wordpress\/wp-content\/uploads\/2019\/07\/DSC00518p.jpg 1920w, http:\/\/www.photo.lumn.eu\/wordpress\/wp-content\/uploads\/2019\/07\/DSC00518p-300x169.jpg 300w, http:\/\/www.photo.lumn.eu\/wordpress\/wp-content\/uploads\/2019\/07\/DSC00518p-1024x576.jpg 1024w\" sizes=\"auto, (max-width: 1920px) 100vw, 1920px\" data-attachment-id=\"10810\" data-orig-file=\"http:\/\/www.photo.lumn.eu\/wordpress\/wp-content\/uploads\/2019\/07\/DSC00518p.jpg\" data-orig-size=\"1920,1080\" data-comments-opened=\"1\" data-image-meta=\"{&quot;aperture&quot;:&quot;10&quot;,&quot;credit&quot;:&quot;&quot;,&quot;camera&quot;:&quot;ILCE-6000&quot;,&quot;caption&quot;:&quot;&quot;,&quot;created_timestamp&quot;:&quot;1555180590&quot;,&quot;copyright&quot;:&quot;&quot;,&quot;focal_length&quot;:&quot;18&quot;,&quot;iso&quot;:&quot;100&quot;,&quot;shutter_speed&quot;:&quot;0.003125&quot;,&quot;title&quot;:&quot;&quot;,&quot;orientation&quot;:&quot;1&quot;,&quot;keywords&quot;:&quot;Array&quot;}\" data-image-title=\"El Teide\" data-image-description=\"&lt;p&gt;Contempler la beaut\u00e9 d&rsquo;un d\u00e9sert min\u00e9ral.&lt;\/p&gt;\n\" data-medium-file=\"http:\/\/www.photo.lumn.eu\/wordpress\/wp-content\/uploads\/2019\/07\/DSC00518p-300x169.jpg\" data-large-file=\"http:\/\/www.photo.lumn.eu\/wordpress\/wp-content\/uploads\/2019\/07\/DSC00518p-1024x576.jpg\" \/><\/a>\n\t\t\t<\/div>\n\t\t\t\t<figcaption class='wp-caption-text gallery-caption' id='gallery-1-10810'>\n\t\t\t\t15 juillet 2019\n\t\t\t\t<\/figcaption><\/figure><figure class='gallery-item'>\n\t\t\t<div class='gallery-icon landscape'>\n\t\t\t\t<a href='http:\/\/www.photo.lumn.eu\/wordpress\/2019-au-jour-le-jour\/dsc00282p\/'><img loading=\"lazy\" decoding=\"async\" width=\"1920\" height=\"1080\" src=\"http:\/\/www.photo.lumn.eu\/wordpress\/wp-content\/uploads\/2019\/04\/DSC00282p.jpg\" class=\"attachment-full size-full\" alt=\"\" aria-describedby=\"gallery-1-10804\" srcset=\"http:\/\/www.photo.lumn.eu\/wordpress\/wp-content\/uploads\/2019\/04\/DSC00282p.jpg 1920w, http:\/\/www.photo.lumn.eu\/wordpress\/wp-content\/uploads\/2019\/04\/DSC00282p-300x169.jpg 300w, http:\/\/www.photo.lumn.eu\/wordpress\/wp-content\/uploads\/2019\/04\/DSC00282p-1024x576.jpg 1024w\" sizes=\"auto, (max-width: 1920px) 100vw, 1920px\" data-attachment-id=\"10804\" data-orig-file=\"http:\/\/www.photo.lumn.eu\/wordpress\/wp-content\/uploads\/2019\/04\/DSC00282p.jpg\" data-orig-size=\"1920,1080\" data-comments-opened=\"1\" data-image-meta=\"{&quot;aperture&quot;:&quot;9&quot;,&quot;credit&quot;:&quot;&quot;,&quot;camera&quot;:&quot;ILCE-6000&quot;,&quot;caption&quot;:&quot;&quot;,&quot;created_timestamp&quot;:&quot;1555083131&quot;,&quot;copyright&quot;:&quot;&quot;,&quot;focal_length&quot;:&quot;200&quot;,&quot;iso&quot;:&quot;320&quot;,&quot;shutter_speed&quot;:&quot;0.001&quot;,&quot;title&quot;:&quot;&quot;,&quot;orientation&quot;:&quot;1&quot;,&quot;keywords&quot;:&quot;Array&quot;}\" data-image-title=\"Romantisme animalier?\" data-image-description=\"&lt;p&gt;c&rsquo;est pas que les go\u00e9lands et les dauphins sont en symbiose, c&rsquo;est juste parce qu&rsquo;ils ont le m\u00eame garde manger! Oui, \u00e7a casse le romantisme animalier&#8230;&lt;\/p&gt;\n\" data-medium-file=\"http:\/\/www.photo.lumn.eu\/wordpress\/wp-content\/uploads\/2019\/04\/DSC00282p-300x169.jpg\" data-large-file=\"http:\/\/www.photo.lumn.eu\/wordpress\/wp-content\/uploads\/2019\/04\/DSC00282p-1024x576.jpg\" \/><\/a>\n\t\t\t<\/div>\n\t\t\t\t<figcaption class='wp-caption-text gallery-caption' id='gallery-1-10804'>\n\t\t\t\t3 juillet 2019\n\t\t\t\t<\/figcaption><\/figure><figure class='gallery-item'>\n\t\t\t<div class='gallery-icon landscape'>\n\t\t\t\t<a href='http:\/\/www.photo.lumn.eu\/wordpress\/2019\/06\/07\/les-trois-mousquetaires\/dsc01038p\/'><img loading=\"lazy\" decoding=\"async\" width=\"1920\" height=\"1280\" src=\"http:\/\/www.photo.lumn.eu\/wordpress\/wp-content\/uploads\/2019\/06\/DSC01038p.jpg\" class=\"attachment-full size-full\" alt=\"\" aria-describedby=\"gallery-1-10800\" srcset=\"http:\/\/www.photo.lumn.eu\/wordpress\/wp-content\/uploads\/2019\/06\/DSC01038p.jpg 1920w, http:\/\/www.photo.lumn.eu\/wordpress\/wp-content\/uploads\/2019\/06\/DSC01038p-300x200.jpg 300w, http:\/\/www.photo.lumn.eu\/wordpress\/wp-content\/uploads\/2019\/06\/DSC01038p-1024x683.jpg 1024w\" sizes=\"auto, (max-width: 1920px) 100vw, 1920px\" data-attachment-id=\"10800\" data-orig-file=\"http:\/\/www.photo.lumn.eu\/wordpress\/wp-content\/uploads\/2019\/06\/DSC01038p.jpg\" data-orig-size=\"1920,1280\" data-comments-opened=\"1\" data-image-meta=\"{&quot;aperture&quot;:&quot;2.8&quot;,&quot;credit&quot;:&quot;&quot;,&quot;camera&quot;:&quot;ILCA-99M2&quot;,&quot;caption&quot;:&quot;&quot;,&quot;created_timestamp&quot;:&quot;1559299372&quot;,&quot;copyright&quot;:&quot;&quot;,&quot;focal_length&quot;:&quot;200&quot;,&quot;iso&quot;:&quot;100&quot;,&quot;shutter_speed&quot;:&quot;0.0002&quot;,&quot;title&quot;:&quot;&quot;,&quot;orientation&quot;:&quot;1&quot;,&quot;keywords&quot;:&quot;Array&quot;}\" data-image-title=\"Les 3 mousquetaires\" data-image-description=\"&lt;p&gt;Voil\u00e0, ils sont quatre, comme les trois mousquetaires.&lt;\/p&gt;\n\" data-medium-file=\"http:\/\/www.photo.lumn.eu\/wordpress\/wp-content\/uploads\/2019\/06\/DSC01038p-300x200.jpg\" data-large-file=\"http:\/\/www.photo.lumn.eu\/wordpress\/wp-content\/uploads\/2019\/06\/DSC01038p-1024x683.jpg\" \/><\/a>\n\t\t\t<\/div>\n\t\t\t\t<figcaption class='wp-caption-text gallery-caption' id='gallery-1-10800'>\n\t\t\t\t7 juin 2019\n\t\t\t\t<\/figcaption><\/figure><figure class='gallery-item'>\n\t\t\t<div class='gallery-icon landscape'>\n\t\t\t\t<a href='http:\/\/www.photo.lumn.eu\/wordpress\/2019\/06\/04\/interdigital\/dsc00873p\/'><img loading=\"lazy\" decoding=\"async\" width=\"1920\" height=\"1440\" src=\"http:\/\/www.photo.lumn.eu\/wordpress\/wp-content\/uploads\/2019\/06\/DSC00873p.jpg\" class=\"attachment-full size-full\" alt=\"\" aria-describedby=\"gallery-1-10796\" srcset=\"http:\/\/www.photo.lumn.eu\/wordpress\/wp-content\/uploads\/2019\/06\/DSC00873p.jpg 1920w, http:\/\/www.photo.lumn.eu\/wordpress\/wp-content\/uploads\/2019\/06\/DSC00873p-300x225.jpg 300w, http:\/\/www.photo.lumn.eu\/wordpress\/wp-content\/uploads\/2019\/06\/DSC00873p-1024x768.jpg 1024w\" sizes=\"auto, (max-width: 1920px) 100vw, 1920px\" data-attachment-id=\"10796\" data-orig-file=\"http:\/\/www.photo.lumn.eu\/wordpress\/wp-content\/uploads\/2019\/06\/DSC00873p.jpg\" data-orig-size=\"1920,1440\" data-comments-opened=\"1\" data-image-meta=\"{&quot;aperture&quot;:&quot;5&quot;,&quot;credit&quot;:&quot;&quot;,&quot;camera&quot;:&quot;ILCA-99M2&quot;,&quot;caption&quot;:&quot;&quot;,&quot;created_timestamp&quot;:&quot;1557597644&quot;,&quot;copyright&quot;:&quot;&quot;,&quot;focal_length&quot;:&quot;180&quot;,&quot;iso&quot;:&quot;6400&quot;,&quot;shutter_speed&quot;:&quot;0.0125&quot;,&quot;title&quot;:&quot;&quot;,&quot;orientation&quot;:&quot;1&quot;,&quot;keywords&quot;:&quot;Array&quot;}\" data-image-title=\"InterDigital\" data-image-description=\"&lt;p&gt;Depuis hier, j&rsquo;ai un nouvel employeur. Voici le symbole auquel j&rsquo;ai pens\u00e9, parce que le Seigneur est fid\u00e8le.&lt;\/p&gt;\n\" data-medium-file=\"http:\/\/www.photo.lumn.eu\/wordpress\/wp-content\/uploads\/2019\/06\/DSC00873p-300x225.jpg\" data-large-file=\"http:\/\/www.photo.lumn.eu\/wordpress\/wp-content\/uploads\/2019\/06\/DSC00873p-1024x768.jpg\" \/><\/a>\n\t\t\t<\/div>\n\t\t\t\t<figcaption class='wp-caption-text gallery-caption' id='gallery-1-10796'>\n\t\t\t\t4 juin 2019\n\t\t\t\t<\/figcaption><\/figure><figure class='gallery-item'>\n\t\t\t<div class='gallery-icon landscape'>\n\t\t\t\t<a href='http:\/\/www.photo.lumn.eu\/wordpress\/2019\/05\/21\/la-maison-du-pecheur\/dsc00135p\/'><img loading=\"lazy\" decoding=\"async\" width=\"1920\" height=\"1080\" src=\"http:\/\/www.photo.lumn.eu\/wordpress\/wp-content\/uploads\/2019\/05\/DSC00135p.jpg\" class=\"attachment-full size-full\" alt=\"\" aria-describedby=\"gallery-1-10791\" srcset=\"http:\/\/www.photo.lumn.eu\/wordpress\/wp-content\/uploads\/2019\/05\/DSC00135p.jpg 1920w, http:\/\/www.photo.lumn.eu\/wordpress\/wp-content\/uploads\/2019\/05\/DSC00135p-300x169.jpg 300w, http:\/\/www.photo.lumn.eu\/wordpress\/wp-content\/uploads\/2019\/05\/DSC00135p-1024x576.jpg 1024w\" sizes=\"auto, (max-width: 1920px) 100vw, 1920px\" data-attachment-id=\"10791\" data-orig-file=\"http:\/\/www.photo.lumn.eu\/wordpress\/wp-content\/uploads\/2019\/05\/DSC00135p.jpg\" data-orig-size=\"1920,1080\" data-comments-opened=\"1\" data-image-meta=\"{&quot;aperture&quot;:&quot;8&quot;,&quot;credit&quot;:&quot;&quot;,&quot;camera&quot;:&quot;ILCE-6000&quot;,&quot;caption&quot;:&quot;&quot;,&quot;created_timestamp&quot;:&quot;1554824807&quot;,&quot;copyright&quot;:&quot;&quot;,&quot;focal_length&quot;:&quot;49&quot;,&quot;iso&quot;:&quot;100&quot;,&quot;shutter_speed&quot;:&quot;0.0025&quot;,&quot;title&quot;:&quot;&quot;,&quot;orientation&quot;:&quot;1&quot;,&quot;keywords&quot;:&quot;Array&quot;}\" data-image-title=\"La maison du p\u00eacheur\" data-image-description=\"&lt;p&gt;Sur la c\u00f4te occidentale de T\u00e9n\u00e9rife, dans un village perdu dans le temps.&lt;\/p&gt;\n\" data-medium-file=\"http:\/\/www.photo.lumn.eu\/wordpress\/wp-content\/uploads\/2019\/05\/DSC00135p-300x169.jpg\" data-large-file=\"http:\/\/www.photo.lumn.eu\/wordpress\/wp-content\/uploads\/2019\/05\/DSC00135p-1024x576.jpg\" \/><\/a>\n\t\t\t<\/div>\n\t\t\t\t<figcaption class='wp-caption-text gallery-caption' id='gallery-1-10791'>\n\t\t\t\t21 mai 2019\n\t\t\t\t<\/figcaption><\/figure><figure class='gallery-item'>\n\t\t\t<div class='gallery-icon landscape'>\n\t\t\t\t<a href='http:\/\/www.photo.lumn.eu\/wordpress\/2019\/05\/14\/el-teide\/dsc00474p\/'><img loading=\"lazy\" decoding=\"async\" width=\"1920\" height=\"1280\" src=\"http:\/\/www.photo.lumn.eu\/wordpress\/wp-content\/uploads\/2019\/05\/DSC00474p.jpg\" class=\"attachment-full size-full\" alt=\"\" aria-describedby=\"gallery-1-10786\" srcset=\"http:\/\/www.photo.lumn.eu\/wordpress\/wp-content\/uploads\/2019\/05\/DSC00474p.jpg 1920w, http:\/\/www.photo.lumn.eu\/wordpress\/wp-content\/uploads\/2019\/05\/DSC00474p-300x200.jpg 300w, http:\/\/www.photo.lumn.eu\/wordpress\/wp-content\/uploads\/2019\/05\/DSC00474p-1024x683.jpg 1024w\" sizes=\"auto, (max-width: 1920px) 100vw, 1920px\" data-attachment-id=\"10786\" data-orig-file=\"http:\/\/www.photo.lumn.eu\/wordpress\/wp-content\/uploads\/2019\/05\/DSC00474p.jpg\" data-orig-size=\"1920,1280\" data-comments-opened=\"1\" data-image-meta=\"{&quot;aperture&quot;:&quot;11&quot;,&quot;credit&quot;:&quot;&quot;,&quot;camera&quot;:&quot;ILCE-6000&quot;,&quot;caption&quot;:&quot;&quot;,&quot;created_timestamp&quot;:&quot;1555177522&quot;,&quot;copyright&quot;:&quot;&quot;,&quot;focal_length&quot;:&quot;42&quot;,&quot;iso&quot;:&quot;100&quot;,&quot;shutter_speed&quot;:&quot;0.0025&quot;,&quot;title&quot;:&quot;&quot;,&quot;orientation&quot;:&quot;1&quot;,&quot;keywords&quot;:&quot;Array&quot;}\" data-image-title=\"El Teide\" data-image-description=\"&lt;p&gt;Grandiose! Un paysage lunaire au pied du volcan, une point de vue sur toutes les \u00eeles des Canaries, des paysages rares et sublimes.&lt;\/p&gt;\n\" data-medium-file=\"http:\/\/www.photo.lumn.eu\/wordpress\/wp-content\/uploads\/2019\/05\/DSC00474p-300x200.jpg\" data-large-file=\"http:\/\/www.photo.lumn.eu\/wordpress\/wp-content\/uploads\/2019\/05\/DSC00474p-1024x683.jpg\" \/><\/a>\n\t\t\t<\/div>\n\t\t\t\t<figcaption class='wp-caption-text gallery-caption' id='gallery-1-10786'>\n\t\t\t\t14 mai 2019\n\t\t\t\t<\/figcaption><\/figure><figure class='gallery-item'>\n\t\t\t<div class='gallery-icon landscape'>\n\t\t\t\t<a href='http:\/\/www.photo.lumn.eu\/wordpress\/2019\/04\/26\/poucet\/dsc00438p\/'><img loading=\"lazy\" decoding=\"async\" width=\"1920\" height=\"1280\" src=\"http:\/\/www.photo.lumn.eu\/wordpress\/wp-content\/uploads\/2019\/04\/DSC00438p.jpg\" class=\"attachment-full size-full\" alt=\"\" aria-describedby=\"gallery-1-10780\" srcset=\"http:\/\/www.photo.lumn.eu\/wordpress\/wp-content\/uploads\/2019\/04\/DSC00438p.jpg 1920w, http:\/\/www.photo.lumn.eu\/wordpress\/wp-content\/uploads\/2019\/04\/DSC00438p-300x200.jpg 300w, http:\/\/www.photo.lumn.eu\/wordpress\/wp-content\/uploads\/2019\/04\/DSC00438p-1024x683.jpg 1024w\" sizes=\"auto, (max-width: 1920px) 100vw, 1920px\" data-attachment-id=\"10780\" data-orig-file=\"http:\/\/www.photo.lumn.eu\/wordpress\/wp-content\/uploads\/2019\/04\/DSC00438p.jpg\" data-orig-size=\"1920,1280\" data-comments-opened=\"1\" data-image-meta=\"{&quot;aperture&quot;:&quot;10&quot;,&quot;credit&quot;:&quot;&quot;,&quot;camera&quot;:&quot;ILCE-6000&quot;,&quot;caption&quot;:&quot;&quot;,&quot;created_timestamp&quot;:&quot;1555087583&quot;,&quot;copyright&quot;:&quot;&quot;,&quot;focal_length&quot;:&quot;36&quot;,&quot;iso&quot;:&quot;100&quot;,&quot;shutter_speed&quot;:&quot;0.01&quot;,&quot;title&quot;:&quot;&quot;,&quot;orientation&quot;:&quot;1&quot;,&quot;keywords&quot;:&quot;Array&quot;}\" data-image-title=\"Poucet\" data-image-description=\"&lt;p&gt;Oui oui, il a l&rsquo;air petit et \u00e9cras\u00e9 par la majest\u00e9 de Los Gigantes. T\u00e9n\u00e9rife, c&rsquo;est beau!&lt;\/p&gt;\n\" data-medium-file=\"http:\/\/www.photo.lumn.eu\/wordpress\/wp-content\/uploads\/2019\/04\/DSC00438p-300x200.jpg\" data-large-file=\"http:\/\/www.photo.lumn.eu\/wordpress\/wp-content\/uploads\/2019\/04\/DSC00438p-1024x683.jpg\" \/><\/a>\n\t\t\t<\/div>\n\t\t\t\t<figcaption class='wp-caption-text gallery-caption' id='gallery-1-10780'>\n\t\t\t\t26 Avril 2019\n\t\t\t\t<\/figcaption><\/figure><figure class='gallery-item'>\n\t\t\t<div class='gallery-icon landscape'>\n\t\t\t\t<a href='http:\/\/www.photo.lumn.eu\/wordpress\/2019\/04\/25\/sortis-de-locean\/dsc00146p\/'><img loading=\"lazy\" decoding=\"async\" width=\"1920\" height=\"1280\" src=\"http:\/\/www.photo.lumn.eu\/wordpress\/wp-content\/uploads\/2019\/04\/DSC00146p.jpg\" class=\"attachment-full size-full\" alt=\"\" aria-describedby=\"gallery-1-10776\" srcset=\"http:\/\/www.photo.lumn.eu\/wordpress\/wp-content\/uploads\/2019\/04\/DSC00146p.jpg 1920w, http:\/\/www.photo.lumn.eu\/wordpress\/wp-content\/uploads\/2019\/04\/DSC00146p-300x200.jpg 300w, http:\/\/www.photo.lumn.eu\/wordpress\/wp-content\/uploads\/2019\/04\/DSC00146p-1024x683.jpg 1024w\" sizes=\"auto, (max-width: 1920px) 100vw, 1920px\" data-attachment-id=\"10776\" data-orig-file=\"http:\/\/www.photo.lumn.eu\/wordpress\/wp-content\/uploads\/2019\/04\/DSC00146p.jpg\" data-orig-size=\"1920,1280\" data-comments-opened=\"1\" data-image-meta=\"{&quot;aperture&quot;:&quot;8&quot;,&quot;credit&quot;:&quot;&quot;,&quot;camera&quot;:&quot;ILCE-6000&quot;,&quot;caption&quot;:&quot;&quot;,&quot;created_timestamp&quot;:&quot;1554828862&quot;,&quot;copyright&quot;:&quot;&quot;,&quot;focal_length&quot;:&quot;33&quot;,&quot;iso&quot;:&quot;100&quot;,&quot;shutter_speed&quot;:&quot;0.002&quot;,&quot;title&quot;:&quot;&quot;,&quot;orientation&quot;:&quot;0&quot;,&quot;keywords&quot;:&quot;Array&quot;}\" data-image-title=\"Les g\u00e9ants\" data-image-description=\"&lt;p&gt;La c\u00f4te ouest de T\u00e9n\u00e9rife, face \u00e0 l&rsquo;oc\u00e9an Atlantique. Des falaises surgies du n\u00e9ant, balay\u00e9es par la houle moussue et puissante, un spectacle majestueux.&lt;\/p&gt;\n\" data-medium-file=\"http:\/\/www.photo.lumn.eu\/wordpress\/wp-content\/uploads\/2019\/04\/DSC00146p-300x200.jpg\" data-large-file=\"http:\/\/www.photo.lumn.eu\/wordpress\/wp-content\/uploads\/2019\/04\/DSC00146p-1024x683.jpg\" \/><\/a>\n\t\t\t<\/div>\n\t\t\t\t<figcaption class='wp-caption-text gallery-caption' id='gallery-1-10776'>\n\t\t\t\t25 Avril 2019\n\t\t\t\t<\/figcaption><\/figure><figure class='gallery-item'>\n\t\t\t<div class='gallery-icon landscape'>\n\t\t\t\t<a href='http:\/\/www.photo.lumn.eu\/wordpress\/2019\/04\/19\/solitaire-mais-lumineux\/dsc00080p\/'><img loading=\"lazy\" decoding=\"async\" width=\"1920\" height=\"1080\" src=\"http:\/\/www.photo.lumn.eu\/wordpress\/wp-content\/uploads\/2019\/04\/DSC00080p.jpg\" class=\"attachment-full size-full\" alt=\"\" aria-describedby=\"gallery-1-10771\" srcset=\"http:\/\/www.photo.lumn.eu\/wordpress\/wp-content\/uploads\/2019\/04\/DSC00080p.jpg 1920w, http:\/\/www.photo.lumn.eu\/wordpress\/wp-content\/uploads\/2019\/04\/DSC00080p-300x169.jpg 300w, http:\/\/www.photo.lumn.eu\/wordpress\/wp-content\/uploads\/2019\/04\/DSC00080p-1024x576.jpg 1024w\" sizes=\"auto, (max-width: 1920px) 100vw, 1920px\" data-attachment-id=\"10771\" data-orig-file=\"http:\/\/www.photo.lumn.eu\/wordpress\/wp-content\/uploads\/2019\/04\/DSC00080p.jpg\" data-orig-size=\"1920,1080\" data-comments-opened=\"1\" data-image-meta=\"{&quot;aperture&quot;:&quot;4.5&quot;,&quot;credit&quot;:&quot;&quot;,&quot;camera&quot;:&quot;ILCA-99M2&quot;,&quot;caption&quot;:&quot;&quot;,&quot;created_timestamp&quot;:&quot;1555486699&quot;,&quot;copyright&quot;:&quot;&quot;,&quot;focal_length&quot;:&quot;200&quot;,&quot;iso&quot;:&quot;200&quot;,&quot;shutter_speed&quot;:&quot;0.0015625&quot;,&quot;title&quot;:&quot;&quot;,&quot;orientation&quot;:&quot;1&quot;,&quot;keywords&quot;:&quot;Array&quot;}\" data-image-title=\"Solitaire mais lumineux\" data-image-description=\"&lt;p&gt;Plant\u00e9 l\u00e0, tout seul, mais chaque matin, le soliel vient le r\u00e9chauffer de sa lumi\u00e8re.&lt;\/p&gt;\n\" data-medium-file=\"http:\/\/www.photo.lumn.eu\/wordpress\/wp-content\/uploads\/2019\/04\/DSC00080p-300x169.jpg\" data-large-file=\"http:\/\/www.photo.lumn.eu\/wordpress\/wp-content\/uploads\/2019\/04\/DSC00080p-1024x576.jpg\" \/><\/a>\n\t\t\t<\/div>\n\t\t\t\t<figcaption class='wp-caption-text gallery-caption' id='gallery-1-10771'>\n\t\t\t\t19 Avril 2019\n\t\t\t\t<\/figcaption><\/figure><figure class='gallery-item'>\n\t\t\t<div class='gallery-icon landscape'>\n\t\t\t\t<a href='http:\/\/www.photo.lumn.eu\/wordpress\/2019-au-jour-le-jour\/dsc00155_acr_1\/'><img loading=\"lazy\" decoding=\"async\" width=\"5315\" height=\"2160\" src=\"http:\/\/www.photo.lumn.eu\/wordpress\/wp-content\/uploads\/2019\/04\/DSC00155_acr_1.jpg\" class=\"attachment-full size-full\" alt=\"\" aria-describedby=\"gallery-1-10757\" srcset=\"http:\/\/www.photo.lumn.eu\/wordpress\/wp-content\/uploads\/2019\/04\/DSC00155_acr_1.jpg 5315w, http:\/\/www.photo.lumn.eu\/wordpress\/wp-content\/uploads\/2019\/04\/DSC00155_acr_1-300x122.jpg 300w, http:\/\/www.photo.lumn.eu\/wordpress\/wp-content\/uploads\/2019\/04\/DSC00155_acr_1-1024x416.jpg 1024w\" sizes=\"auto, (max-width: 5315px) 100vw, 5315px\" data-attachment-id=\"10757\" data-orig-file=\"http:\/\/www.photo.lumn.eu\/wordpress\/wp-content\/uploads\/2019\/04\/DSC00155_acr_1.jpg\" data-orig-size=\"5315,2160\" data-comments-opened=\"1\" data-image-meta=\"{&quot;aperture&quot;:&quot;10&quot;,&quot;credit&quot;:&quot;&quot;,&quot;camera&quot;:&quot;ILCE-6000&quot;,&quot;caption&quot;:&quot;&quot;,&quot;created_timestamp&quot;:&quot;1554831368&quot;,&quot;copyright&quot;:&quot;&quot;,&quot;focal_length&quot;:&quot;20&quot;,&quot;iso&quot;:&quot;100&quot;,&quot;shutter_speed&quot;:&quot;0.005&quot;,&quot;title&quot;:&quot;&quot;,&quot;orientation&quot;:&quot;0&quot;,&quot;keywords&quot;:&quot;Array&quot;}\" data-image-title=\"Panoramix\" data-image-description=\"&lt;p&gt;Panoramix? Mais c&rsquo;est m\u00eame pas en Bretagne! Bon, ok, on s&rsquo;en douterait avec ces montagnes. Belle vue de la vall\u00e9e de la Laguna au nord-est de l&rsquo;\u00eele de T\u00e9n\u00e9rife. Et dire que ce jour il a fait&#8230;moche? Si si!&lt;\/p&gt;\n\" data-medium-file=\"http:\/\/www.photo.lumn.eu\/wordpress\/wp-content\/uploads\/2019\/04\/DSC00155_acr_1-300x122.jpg\" data-large-file=\"http:\/\/www.photo.lumn.eu\/wordpress\/wp-content\/uploads\/2019\/04\/DSC00155_acr_1-1024x416.jpg\" \/><\/a>\n\t\t\t<\/div>\n\t\t\t\t<figcaption class='wp-caption-text gallery-caption' id='gallery-1-10757'>\n\t\t\t\t16 Avril 2019\n\t\t\t\t<\/figcaption><\/figure>\n\t\t<\/div>\n\n","protected":false},"excerpt":{"rendered":"","protected":false},"author":1,"featured_media":0,"parent":0,"menu_order":0,"comment_status":"closed","ping_status":"closed","template":"","meta":{"footnotes":""},"class_list":["post-10756","page","type-page","status-publish","hentry"],"_links":{"self":[{"href":"http:\/\/www.photo.lumn.eu\/wordpress\/wp-json\/wp\/v2\/pages\/10756","targetHints":{"allow":["GET"]}}],"collection":[{"href":"http:\/\/www.photo.lumn.eu\/wordpress\/wp-json\/wp\/v2\/pages"}],"about":[{"href":"http:\/\/www.photo.lumn.eu\/wordpress\/wp-json\/wp\/v2\/types\/page"}],"author":[{"embeddable":true,"href":"http:\/\/www.photo.lumn.eu\/wordpress\/wp-json\/wp\/v2\/users\/1"}],"replies":[{"embeddable":true,"href":"http:\/\/www.photo.lumn.eu\/wordpress\/wp-json\/wp\/v2\/comments?post=10756"}],"version-history":[{"count":13,"href":"http:\/\/www.photo.lumn.eu\/wordpress\/wp-json\/wp\/v2\/pages\/10756\/revisions"}],"predecessor-version":[{"id":10818,"href":"http:\/\/www.photo.lumn.eu\/wordpress\/wp-json\/wp\/v2\/pages\/10756\/revisions\/10818"}],"wp:attachment":[{"href":"http:\/\/www.photo.lumn.eu\/wordpress\/wp-json\/wp\/v2\/media?parent=10756"}],"curies":[{"name":"wp","href":"https:\/\/api.w.org\/{rel}","templated":true}]}}